{"id":26,"date":"2024-04-27T15:44:18","date_gmt":"2024-04-27T15:44:18","guid":{"rendered":"https:\/\/avadawebsites.wpengine.com\/online-tutor\/?page_id=26"},"modified":"2024-10-14T11:38:27","modified_gmt":"2024-10-14T11:38:27","slug":"sobre-la-escuela","status":"publish","type":"page","link":"https:\/\/www.escuelalosquijotes.com\/es\/sobre-la-escuela\/","title":{"rendered":"Sobre la Escuela"},"content":{"rendered":"<div class=\"fusion-fullwidth fullwidth-box fusion-builder-row-1 fusion-flex-container has-pattern-background has-mask-background nonhundred-percent-fullwidth non-hundred-percent-height-scrolling\" style=\"--awb-border-radius-top-left:0px;--awb-border-radius-top-right:0px;--awb-border-radius-bottom-right:0px;--awb-border-radius-bottom-left:0px;--awb-padding-top:4%;--awb-padding-bottom:10px;--awb-flex-wrap:wrap;\" ><div class=\"fusion-builder-row fusion-row fusion-flex-align-items-flex-start fusion-flex-content-wrap\" style=\"max-width:1248px;margin-left: calc(-4% \/ 2 );margin-right: calc(-4% \/ 2 );\"><div class=\"fusion-layout-column fusion_builder_column fusion-builder-column-0 fusion_builder_column_1_1 1_1 fusion-flex-column fusion-animated\" style=\"--awb-bg-size:cover;--awb-width-large:100%;--awb-margin-top-large:0px;--awb-spacing-right-large:1.92%;--awb-margin-bottom-large:20px;--awb-spacing-left-large:1.92%;--awb-width-medium:100%;--awb-order-medium:0;--awb-spacing-right-medium:1.92%;--awb-spacing-left-medium:1.92%;--awb-width-small:100%;--awb-order-small:0;--awb-spacing-right-small:1.92%;--awb-spacing-left-small:1.92%;\" data-animationType=\"fadeInUp\" data-animationDuration=\"1.0\" data-animationOffset=\"top-into-view\" data-scroll-devices=\"small-visibility,medium-visibility,large-visibility\"><div class=\"fusion-column-wrapper fusion-column-has-shadow fusion-flex-justify-content-flex-start fusion-content-layout-column\"><div class=\"fusion-text fusion-text-1\" style=\"--awb-content-alignment:center;\"><p>El ojetivo de la Escuela de Espa\u00f1ol online con su curso intensivo es proporcionar una inmersi\u00f3n ling\u00fc\u00edstica completa que permita a los estudiantes adquirir fluidez en el idioma en un corto per\u00edodo de tiempo. A trav\u00e9s de un enfoque personalizado, buscamos adaptarnos a las necesidades y niveles de cada estudiante, ofreciendo clases interactivas con profesores nativos y un enfoque pr\u00e1ctico en la comunicaci\u00f3n efectiva. Adem\u00e1s, promovemos una profunda comprensi\u00f3n cultural para enriquecer el aprendizaje del idioma, todo ello respaldado por materiales exclusivos y tutor\u00edas individuales para asegurar un progreso r\u00e1pido y significativo.<\/p>\n<\/div><\/div><\/div><div class=\"fusion-layout-column fusion_builder_column fusion-builder-column-1 fusion_builder_column_1_1 1_1 fusion-flex-column fusion-no-small-visibility fusion-no-medium-visibility fusion-animated\" style=\"--awb-bg-size:cover;--awb-width-large:100%;--awb-margin-top-large:0px;--awb-spacing-right-large:1.92%;--awb-margin-bottom-large:20px;--awb-spacing-left-large:1.92%;--awb-width-medium:100%;--awb-spacing-right-medium:1.92%;--awb-spacing-left-medium:1.92%;--awb-width-small:100%;--awb-spacing-right-small:1.92%;--awb-spacing-left-small:1.92%;\" data-animationType=\"fadeInUp\" data-animationDuration=\"1.0\" data-animationOffset=\"top-into-view\"><div class=\"fusion-column-wrapper fusion-column-has-shadow fusion-flex-justify-content-flex-start fusion-content-layout-column\"><div class=\"fusion-title title fusion-title-1 fusion-sep-none fusion-title-center fusion-title-text fusion-title-size-two\" style=\"--awb-text-color:var(--awb-color5);--awb-margin-bottom:0px;--awb-margin-bottom-small:0px;\"><h2 class=\"fusion-title-heading title-heading-center fusion-responsive-typography-calculated\" style=\"margin:0;--fontSize:40;line-height:1.2;\">Academia Los Quijotes<\/h2><\/div><div class=\"fusion-title title fusion-title-2 fusion-sep-none fusion-title-center fusion-title-text fusion-title-size-three\" style=\"--awb-text-color:var(--awb-color6);--awb-margin-top:0px;--awb-margin-bottom:0px;--awb-margin-top-small:0px;--awb-margin-bottom-small:0px;--awb-font-size:var(--awb-typography2-font-size);\"><h3 class=\"fusion-title-heading title-heading-center fusion-responsive-typography-calculated\" style=\"font-family:var(--awb-typography2-font-family);font-weight:var(--awb-typography2-font-weight);font-style:var(--awb-typography2-font-style);margin:0;letter-spacing:var(--awb-typography2-letter-spacing);text-transform:var(--awb-typography2-text-transform);font-size:1em;--fontSize:54;line-height:var(--awb-typography2-line-height);\">Cursos Generales Online<\/h3><\/div><div class=\"fusion-separator\" style=\"align-self: center;margin-left: auto;margin-right: auto;margin-top:30px;margin-bottom:10px;width:100%;max-width:120px;\"><div class=\"fusion-separator-border sep-single\" style=\"--awb-height:20px;--awb-amount:20px;border-color:var(--awb-color4);border-top-width:4px;\"><\/div><\/div><\/div><\/div><div class=\"fusion-layout-column fusion_builder_column fusion-builder-column-2 fusion_builder_column_1_1 1_1 fusion-flex-column fusion-no-large-visibility fusion-animated\" style=\"--awb-bg-size:cover;--awb-width-large:100%;--awb-margin-top-large:0px;--awb-spacing-right-large:1.92%;--awb-margin-bottom-large:20px;--awb-spacing-left-large:1.92%;--awb-width-medium:100%;--awb-spacing-right-medium:1.92%;--awb-spacing-left-medium:1.92%;--awb-width-small:100%;--awb-spacing-right-small:1.92%;--awb-spacing-left-small:1.92%;\" data-animationType=\"fadeInUp\" data-animationDuration=\"1.0\" data-animationOffset=\"top-into-view\"><div class=\"fusion-column-wrapper fusion-column-has-shadow fusion-flex-justify-content-flex-start fusion-content-layout-column\"><div class=\"fusion-title title fusion-title-3 fusion-sep-none fusion-title-center fusion-title-text fusion-title-size-two\" style=\"--awb-text-color:var(--awb-color5);--awb-margin-top:40px;--awb-margin-bottom:0px;--awb-margin-top-small:40px;--awb-margin-bottom-small:0px;\"><h2 class=\"fusion-title-heading title-heading-center fusion-responsive-typography-calculated\" style=\"margin:0;--fontSize:40;line-height:1.2;\">Academia Los Quijotes<\/h2><\/div><div class=\"fusion-title title fusion-title-4 fusion-sep-none fusion-title-center fusion-title-text fusion-title-size-three\" style=\"--awb-text-color:var(--awb-color6);--awb-margin-top:0px;--awb-margin-bottom:0px;--awb-margin-top-small:0px;--awb-margin-bottom-small:0px;--awb-font-size:var(--awb-typography2-font-size);\"><h3 class=\"fusion-title-heading title-heading-center fusion-responsive-typography-calculated\" style=\"font-family:var(--awb-typography2-font-family);font-weight:var(--awb-typography2-font-weight);font-style:var(--awb-typography2-font-style);margin:0;letter-spacing:var(--awb-typography2-letter-spacing);text-transform:var(--awb-typography2-text-transform);font-size:1em;--fontSize:54;line-height:var(--awb-typography2-line-height);\">Cursos Generales Online<\/h3><\/div><div class=\"fusion-separator\" style=\"align-self: center;margin-left: auto;margin-right: auto;margin-top:30px;margin-bottom:10px;width:100%;max-width:120px;\"><div class=\"fusion-separator-border sep-single\" style=\"--awb-height:20px;--awb-amount:20px;border-color:var(--awb-color4);border-top-width:4px;\"><\/div><\/div><\/div><\/div><div class=\"fusion-layout-column fusion_builder_column fusion-builder-column-3 fusion_builder_column_1_1 1_1 fusion-flex-column fusion-animated\" style=\"--awb-padding-top:40px;--awb-bg-size:cover;--awb-width-large:100%;--awb-margin-top-large:0px;--awb-spacing-right-large:1.92%;--awb-margin-bottom-large:20px;--awb-spacing-left-large:1.92%;--awb-width-medium:100%;--awb-order-medium:0;--awb-spacing-right-medium:1.92%;--awb-spacing-left-medium:1.92%;--awb-width-small:100%;--awb-order-small:0;--awb-spacing-right-small:1.92%;--awb-spacing-left-small:1.92%;\" data-animationType=\"fadeInUp\" data-animationDuration=\"1.0\" data-animationOffset=\"top-into-view\" data-scroll-devices=\"small-visibility,medium-visibility,large-visibility\"><div class=\"fusion-column-wrapper fusion-column-has-shadow fusion-flex-justify-content-flex-start fusion-content-layout-column\"><div class=\"fusion-image-element \" style=\"text-align:center;--awb-aspect-ratio:21 \/ 9;--awb-caption-title-font-family:var(--h2_typography-font-family);--awb-caption-title-font-weight:var(--h2_typography-font-weight);--awb-caption-title-font-style:var(--h2_typography-font-style);--awb-caption-title-size:var(--h2_typography-font-size);--awb-caption-title-transform:var(--h2_typography-text-transform);--awb-caption-title-line-height:var(--h2_typography-line-height);--awb-caption-title-letter-spacing:var(--h2_typography-letter-spacing);\"><span class=\" fusion-imageframe imageframe-none imageframe-1 hover-type-none has-aspect-ratio\"><img decoding=\"async\" width=\"1000\" height=\"667\" title=\"Sobre la escuela\" src=\"https:\/\/www.escuelalosquijotes.com\/wp-content\/uploads\/2024\/08\/Sobre-la-escuela.jpg\" data-orig-src=\"https:\/\/www.escuelalosquijotes.com\/wp-content\/uploads\/2024\/08\/Sobre-la-escuela.jpg\" class=\"lazyload img-responsive wp-image-2708 img-with-aspect-ratio\" data-parent-fit=\"cover\" data-parent-container=\".fusion-image-element\" alt srcset=\"data:image\/svg+xml,%3Csvg%20xmlns%3D%27http%3A%2F%2Fwww.w3.org%2F2000%2Fsvg%27%20width%3D%271000%27%20height%3D%27667%27%20viewBox%3D%270%200%201000%20667%27%3E%3Crect%20width%3D%271000%27%20height%3D%27667%27%20fill-opacity%3D%220%22%2F%3E%3C%2Fsvg%3E\" data-srcset=\"https:\/\/www.escuelalosquijotes.com\/wp-content\/uploads\/2024\/08\/Sobre-la-escuela-200x133.jpg 200w, https:\/\/www.escuelalosquijotes.com\/wp-content\/uploads\/2024\/08\/Sobre-la-escuela-400x267.jpg 400w, https:\/\/www.escuelalosquijotes.com\/wp-content\/uploads\/2024\/08\/Sobre-la-escuela-600x400.jpg 600w, https:\/\/www.escuelalosquijotes.com\/wp-content\/uploads\/2024\/08\/Sobre-la-escuela-800x534.jpg 800w, https:\/\/www.escuelalosquijotes.com\/wp-content\/uploads\/2024\/08\/Sobre-la-escuela.jpg 1000w\" data-sizes=\"auto\" data-orig-sizes=\"(max-width: 1200px) 100vw, (max-width: 640px) 100vw, 1000px\" \/><\/span><\/div><\/div><\/div><div class=\"fusion-layout-column fusion_builder_column fusion-builder-column-4 fusion_builder_column_1_5 1_5 fusion-flex-column fusion-no-small-visibility fusion-no-medium-visibility\" style=\"--awb-bg-size:cover;--awb-width-large:20%;--awb-margin-top-large:0px;--awb-spacing-right-large:9.6%;--awb-margin-bottom-large:20px;--awb-spacing-left-large:9.6%;--awb-width-medium:100%;--awb-spacing-right-medium:1.92%;--awb-spacing-left-medium:1.92%;--awb-width-small:100%;--awb-spacing-right-small:1.92%;--awb-spacing-left-small:1.92%;\"><div class=\"fusion-column-wrapper fusion-column-has-shadow fusion-flex-justify-content-flex-start fusion-content-layout-column\"><\/div><\/div><div class=\"fusion-layout-column fusion_builder_column fusion-builder-column-5 fusion_builder_column_3_5 3_5 fusion-flex-column fusion-animated\" style=\"--awb-bg-size:cover;--awb-width-large:60%;--awb-margin-top-large:0px;--awb-spacing-right-large:3.2%;--awb-margin-bottom-large:20px;--awb-spacing-left-large:3.2%;--awb-width-medium:100%;--awb-spacing-right-medium:1.92%;--awb-spacing-left-medium:1.92%;--awb-width-small:100%;--awb-spacing-right-small:1.92%;--awb-spacing-left-small:1.92%;\" data-animationType=\"fadeInUp\" data-animationDuration=\"1.0\" data-animationOffset=\"top-into-view\"><div class=\"fusion-column-wrapper fusion-column-has-shadow fusion-flex-justify-content-flex-start fusion-content-layout-column\"><div class=\"fusion-text fusion-text-2\" style=\"--awb-content-alignment:center;\"><p><strong>Cursos de espa\u00f1ol generales online<\/strong> dise\u00f1ados para que los alumnos trabajen como si estuvieran en el aula. Un profesor guiar\u00e1 diariamente todo el proceso de ense\u00f1anza y aprendizaje.<\/p>\n<p>Puedes preparar con nosotros los ex\u00e1menes oficiales para certificarte en los <strong>niveles A1, A2, B1 y B2 de Espa\u00f1ol.<\/strong><\/p>\n<p>Ofrecemos clases privadas adapt\u00e1ndonos a tus necesidades.<\/p>\n<p>Te preparamos para el <strong>examen DELE del INSTITUTO CERVANTES<\/strong> y tienes a tu disposici\u00f3n nuestra plataforma para los que prefieran aprender por su cuenta, con un aula virtual disponible las 24h.<\/p>\n<p>Elaboramos cursos corporativos para empleados para el desarrollo y la mejora de su carrera profesional.<\/p>\n<p><strong>Organizamos estancias de aprendizaje del idioma espa\u00f1ol intensivo en Espa\u00f1a, tanto para grupos, corporaciones como para personas\u00a0individuales<br \/>\n<\/strong><\/p>\n<\/div><div style=\"text-align:center;\"><a class=\"fusion-button button-flat button-xlarge button-default fusion-button-default button-1 fusion-button-default-span fusion-button-default-type\" style=\"--button_margin-top:40px;\" target=\"_self\" href=\"\/cursos\/programas-especializados\/\"><span class=\"fusion-button-text awb-button__text awb-button__text--default\">M\u00e1s informaci\u00f3n<\/span><\/a><\/div><\/div><\/div><div class=\"fusion-layout-column fusion_builder_column fusion-builder-column-6 fusion_builder_column_1_5 1_5 fusion-flex-column fusion-no-small-visibility fusion-no-medium-visibility\" style=\"--awb-bg-size:cover;--awb-width-large:20%;--awb-margin-top-large:0px;--awb-spacing-right-large:9.6%;--awb-margin-bottom-large:20px;--awb-spacing-left-large:9.6%;--awb-width-medium:100%;--awb-spacing-right-medium:1.92%;--awb-spacing-left-medium:1.92%;--awb-width-small:100%;--awb-spacing-right-small:1.92%;--awb-spacing-left-small:1.92%;\"><div class=\"fusion-column-wrapper fusion-column-has-shadow fusion-flex-justify-content-flex-start fusion-content-layout-column\"><\/div><\/div><div class=\"fusion-layout-column fusion_builder_column fusion-builder-column-7 fusion_builder_column_1_1 1_1 fusion-flex-column fusion-animated\" style=\"--awb-padding-top:40px;--awb-bg-size:cover;--awb-width-large:100%;--awb-margin-top-large:0px;--awb-spacing-right-large:1.92%;--awb-margin-bottom-large:20px;--awb-spacing-left-large:1.92%;--awb-width-medium:100%;--awb-order-medium:0;--awb-spacing-right-medium:1.92%;--awb-spacing-left-medium:1.92%;--awb-width-small:100%;--awb-order-small:0;--awb-spacing-right-small:1.92%;--awb-spacing-left-small:1.92%;\" data-animationType=\"fadeInUp\" data-animationDuration=\"1.0\" data-animationOffset=\"top-into-view\" data-scroll-devices=\"small-visibility,medium-visibility,large-visibility\"><div class=\"fusion-column-wrapper fusion-column-has-shadow fusion-flex-justify-content-flex-start fusion-content-layout-column\"><div class=\"fusion-image-element \" style=\"--awb-caption-title-font-family:var(--h2_typography-font-family);--awb-caption-title-font-weight:var(--h2_typography-font-weight);--awb-caption-title-font-style:var(--h2_typography-font-style);--awb-caption-title-size:var(--h2_typography-font-size);--awb-caption-title-transform:var(--h2_typography-text-transform);--awb-caption-title-line-height:var(--h2_typography-line-height);--awb-caption-title-letter-spacing:var(--h2_typography-letter-spacing);\"><span class=\" fusion-imageframe imageframe-none imageframe-2 hover-type-none\"><img decoding=\"async\" width=\"1920\" height=\"960\" title=\"don-quixote-7460034_1920\" src=\"https:\/\/www.escuelalosquijotes.com\/wp-content\/uploads\/2024\/08\/don-quixote-7460034_1920.png\" data-orig-src=\"https:\/\/www.escuelalosquijotes.com\/wp-content\/uploads\/2024\/08\/don-quixote-7460034_1920.png\" alt class=\"lazyload img-responsive wp-image-2580\" srcset=\"data:image\/svg+xml,%3Csvg%20xmlns%3D%27http%3A%2F%2Fwww.w3.org%2F2000%2Fsvg%27%20width%3D%271920%27%20height%3D%27960%27%20viewBox%3D%270%200%201920%20960%27%3E%3Crect%20width%3D%271920%27%20height%3D%27960%27%20fill-opacity%3D%220%22%2F%3E%3C%2Fsvg%3E\" data-srcset=\"https:\/\/www.escuelalosquijotes.com\/wp-content\/uploads\/2024\/08\/don-quixote-7460034_1920-200x100.png 200w, https:\/\/www.escuelalosquijotes.com\/wp-content\/uploads\/2024\/08\/don-quixote-7460034_1920-400x200.png 400w, https:\/\/www.escuelalosquijotes.com\/wp-content\/uploads\/2024\/08\/don-quixote-7460034_1920-600x300.png 600w, https:\/\/www.escuelalosquijotes.com\/wp-content\/uploads\/2024\/08\/don-quixote-7460034_1920-800x400.png 800w, https:\/\/www.escuelalosquijotes.com\/wp-content\/uploads\/2024\/08\/don-quixote-7460034_1920-1200x600.png 1200w, https:\/\/www.escuelalosquijotes.com\/wp-content\/uploads\/2024\/08\/don-quixote-7460034_1920.png 1920w\" data-sizes=\"auto\" data-orig-sizes=\"(max-width: 1200px) 100vw, (max-width: 640px) 100vw, 1200px\" \/><\/span><\/div><\/div><\/div><\/div><\/div>\n","protected":false},"excerpt":{"rendered":"","protected":false},"author":1,"featured_media":0,"parent":0,"menu_order":10,"comment_status":"closed","ping_status":"closed","template":"100-width.php","meta":{"_joinchat":[],"footnotes":""},"class_list":["post-26","page","type-page","status-publish","hentry"],"yoast_head":"<!-- This site is optimized with the Yoast SEO plugin v27.3 - https:\/\/yoast.com\/product\/yoast-seo-wordpress\/ -->\n<title>Sobre la Escuela - Escuela los Quijotes<\/title>\n<meta name=\"robots\" content=\"index, follow, max-snippet:-1, max-image-preview:large, max-video-preview:-1\" \/>\n<link rel=\"canonical\" href=\"https:\/\/www.escuelalosquijotes.com\/es\/sobre-la-escuela\/\" \/>\n<meta property=\"og:locale\" content=\"es_ES\" \/>\n<meta property=\"og:type\" content=\"article\" \/>\n<meta property=\"og:title\" content=\"Sobre la Escuela - Escuela los Quijotes\" \/>\n<meta property=\"og:url\" content=\"https:\/\/www.escuelalosquijotes.com\/es\/sobre-la-escuela\/\" \/>\n<meta property=\"og:site_name\" content=\"Escuela los Quijotes\" \/>\n<meta property=\"article:modified_time\" content=\"2024-10-14T11:38:27+00:00\" \/>\n<meta name=\"twitter:card\" content=\"summary_large_image\" \/>\n<meta name=\"twitter:label1\" content=\"Tiempo de lectura\" \/>\n\t<meta name=\"twitter:data1\" content=\"25 minutos\" \/>\n<script type=\"application\/ld+json\" class=\"yoast-schema-graph\">{\"@context\":\"https:\\\/\\\/schema.org\",\"@graph\":[{\"@type\":\"WebPage\",\"@id\":\"https:\\\/\\\/www.escuelalosquijotes.com\\\/es\\\/sobre-la-escuela\\\/\",\"url\":\"https:\\\/\\\/www.escuelalosquijotes.com\\\/es\\\/sobre-la-escuela\\\/\",\"name\":\"Sobre la Escuela - Escuela los Quijotes\",\"isPartOf\":{\"@id\":\"https:\\\/\\\/www.escuelalosquijotes.com\\\/es\\\/#website\"},\"datePublished\":\"2024-04-27T15:44:18+00:00\",\"dateModified\":\"2024-10-14T11:38:27+00:00\",\"breadcrumb\":{\"@id\":\"https:\\\/\\\/www.escuelalosquijotes.com\\\/es\\\/sobre-la-escuela\\\/#breadcrumb\"},\"inLanguage\":\"es\",\"potentialAction\":[{\"@type\":\"ReadAction\",\"target\":[\"https:\\\/\\\/www.escuelalosquijotes.com\\\/es\\\/sobre-la-escuela\\\/\"]}]},{\"@type\":\"BreadcrumbList\",\"@id\":\"https:\\\/\\\/www.escuelalosquijotes.com\\\/es\\\/sobre-la-escuela\\\/#breadcrumb\",\"itemListElement\":[{\"@type\":\"ListItem\",\"position\":1,\"name\":\"Portada\",\"item\":\"https:\\\/\\\/www.escuelalosquijotes.com\\\/es\\\/\"},{\"@type\":\"ListItem\",\"position\":2,\"name\":\"Sobre la Escuela\"}]},{\"@type\":\"WebSite\",\"@id\":\"https:\\\/\\\/www.escuelalosquijotes.com\\\/es\\\/#website\",\"url\":\"https:\\\/\\\/www.escuelalosquijotes.com\\\/es\\\/\",\"name\":\"Escuela los Quijotes\",\"description\":\"Aprende espa\u00f1ol online\",\"publisher\":{\"@id\":\"https:\\\/\\\/www.escuelalosquijotes.com\\\/es\\\/#\\\/schema\\\/person\\\/bcab75e6bb6a315cb36a6b8e493eb264\"},\"potentialAction\":[{\"@type\":\"SearchAction\",\"target\":{\"@type\":\"EntryPoint\",\"urlTemplate\":\"https:\\\/\\\/www.escuelalosquijotes.com\\\/es\\\/?s={search_term_string}\"},\"query-input\":{\"@type\":\"PropertyValueSpecification\",\"valueRequired\":true,\"valueName\":\"search_term_string\"}}],\"inLanguage\":\"es\"},{\"@type\":[\"Person\",\"Organization\"],\"@id\":\"https:\\\/\\\/www.escuelalosquijotes.com\\\/es\\\/#\\\/schema\\\/person\\\/bcab75e6bb6a315cb36a6b8e493eb264\",\"name\":\"ROBERTO GONZ\u00c1LEZ KLAWITTER\",\"image\":{\"@type\":\"ImageObject\",\"inLanguage\":\"es\",\"@id\":\"https:\\\/\\\/www.escuelalosquijotes.com\\\/wp-content\\\/uploads\\\/2024\\\/08\\\/students-6078679_640.jpg\",\"url\":\"https:\\\/\\\/www.escuelalosquijotes.com\\\/wp-content\\\/uploads\\\/2024\\\/08\\\/students-6078679_640.jpg\",\"contentUrl\":\"https:\\\/\\\/www.escuelalosquijotes.com\\\/wp-content\\\/uploads\\\/2024\\\/08\\\/students-6078679_640.jpg\",\"width\":427,\"height\":640,\"caption\":\"ROBERTO GONZ\u00c1LEZ KLAWITTER\"},\"logo\":{\"@id\":\"https:\\\/\\\/www.escuelalosquijotes.com\\\/wp-content\\\/uploads\\\/2024\\\/08\\\/students-6078679_640.jpg\"}}]}<\/script>\n<!-- \/ Yoast SEO plugin. -->","yoast_head_json":{"title":"Sobre la Escuela - Escuela los Quijotes","robots":{"index":"index","follow":"follow","max-snippet":"max-snippet:-1","max-image-preview":"max-image-preview:large","max-video-preview":"max-video-preview:-1"},"canonical":"https:\/\/www.escuelalosquijotes.com\/es\/sobre-la-escuela\/","og_locale":"es_ES","og_type":"article","og_title":"Sobre la Escuela - Escuela los Quijotes","og_url":"https:\/\/www.escuelalosquijotes.com\/es\/sobre-la-escuela\/","og_site_name":"Escuela los Quijotes","article_modified_time":"2024-10-14T11:38:27+00:00","twitter_card":"summary_large_image","twitter_misc":{"Tiempo de lectura":"25 minutos"},"schema":{"@context":"https:\/\/schema.org","@graph":[{"@type":"WebPage","@id":"https:\/\/www.escuelalosquijotes.com\/es\/sobre-la-escuela\/","url":"https:\/\/www.escuelalosquijotes.com\/es\/sobre-la-escuela\/","name":"Sobre la Escuela - Escuela los Quijotes","isPartOf":{"@id":"https:\/\/www.escuelalosquijotes.com\/es\/#website"},"datePublished":"2024-04-27T15:44:18+00:00","dateModified":"2024-10-14T11:38:27+00:00","breadcrumb":{"@id":"https:\/\/www.escuelalosquijotes.com\/es\/sobre-la-escuela\/#breadcrumb"},"inLanguage":"es","potentialAction":[{"@type":"ReadAction","target":["https:\/\/www.escuelalosquijotes.com\/es\/sobre-la-escuela\/"]}]},{"@type":"BreadcrumbList","@id":"https:\/\/www.escuelalosquijotes.com\/es\/sobre-la-escuela\/#breadcrumb","itemListElement":[{"@type":"ListItem","position":1,"name":"Portada","item":"https:\/\/www.escuelalosquijotes.com\/es\/"},{"@type":"ListItem","position":2,"name":"Sobre la Escuela"}]},{"@type":"WebSite","@id":"https:\/\/www.escuelalosquijotes.com\/es\/#website","url":"https:\/\/www.escuelalosquijotes.com\/es\/","name":"Escuela los Quijotes","description":"Aprende espa\u00f1ol online","publisher":{"@id":"https:\/\/www.escuelalosquijotes.com\/es\/#\/schema\/person\/bcab75e6bb6a315cb36a6b8e493eb264"},"potentialAction":[{"@type":"SearchAction","target":{"@type":"EntryPoint","urlTemplate":"https:\/\/www.escuelalosquijotes.com\/es\/?s={search_term_string}"},"query-input":{"@type":"PropertyValueSpecification","valueRequired":true,"valueName":"search_term_string"}}],"inLanguage":"es"},{"@type":["Person","Organization"],"@id":"https:\/\/www.escuelalosquijotes.com\/es\/#\/schema\/person\/bcab75e6bb6a315cb36a6b8e493eb264","name":"ROBERTO GONZ\u00c1LEZ KLAWITTER","image":{"@type":"ImageObject","inLanguage":"es","@id":"https:\/\/www.escuelalosquijotes.com\/wp-content\/uploads\/2024\/08\/students-6078679_640.jpg","url":"https:\/\/www.escuelalosquijotes.com\/wp-content\/uploads\/2024\/08\/students-6078679_640.jpg","contentUrl":"https:\/\/www.escuelalosquijotes.com\/wp-content\/uploads\/2024\/08\/students-6078679_640.jpg","width":427,"height":640,"caption":"ROBERTO GONZ\u00c1LEZ KLAWITTER"},"logo":{"@id":"https:\/\/www.escuelalosquijotes.com\/wp-content\/uploads\/2024\/08\/students-6078679_640.jpg"}}]}},"_links":{"self":[{"href":"https:\/\/www.escuelalosquijotes.com\/es\/wp-json\/wp\/v2\/pages\/26","targetHints":{"allow":["GET"]}}],"collection":[{"href":"https:\/\/www.escuelalosquijotes.com\/es\/wp-json\/wp\/v2\/pages"}],"about":[{"href":"https:\/\/www.escuelalosquijotes.com\/es\/wp-json\/wp\/v2\/types\/page"}],"author":[{"embeddable":true,"href":"https:\/\/www.escuelalosquijotes.com\/es\/wp-json\/wp\/v2\/users\/1"}],"replies":[{"embeddable":true,"href":"https:\/\/www.escuelalosquijotes.com\/es\/wp-json\/wp\/v2\/comments?post=26"}],"version-history":[{"count":0,"href":"https:\/\/www.escuelalosquijotes.com\/es\/wp-json\/wp\/v2\/pages\/26\/revisions"}],"wp:attachment":[{"href":"https:\/\/www.escuelalosquijotes.com\/es\/wp-json\/wp\/v2\/media?parent=26"}],"curies":[{"name":"wp","href":"https:\/\/api.w.org\/{rel}","templated":true}]}}