{"id":2755,"date":"2024-08-20T08:03:08","date_gmt":"2024-08-20T08:03:08","guid":{"rendered":"https:\/\/www.tapcoen.com\/beta3\/?page_id=2755"},"modified":"2024-08-22T09:07:01","modified_gmt":"2024-08-22T09:07:01","slug":"politica-de-cookies","status":"publish","type":"page","link":"https:\/\/www.escuelalosquijotes.com\/es\/politica-de-cookies\/","title":{"rendered":"Pol\u00edtica de cookies"},"content":{"rendered":"<div class=\"fusion-fullwidth fullwidth-box fusion-builder-row-1 fusion-flex-container has-pattern-background has-mask-background nonhundred-percent-fullwidth non-hundred-percent-height-scrolling\" style=\"--awb-border-radius-top-left:0px;--awb-border-radius-top-right:0px;--awb-border-radius-bottom-right:0px;--awb-border-radius-bottom-left:0px;--awb-flex-wrap:wrap;\" ><div class=\"fusion-builder-row fusion-row fusion-flex-align-items-flex-start fusion-flex-content-wrap\" style=\"max-width:1248px;margin-left: calc(-4% \/ 2 );margin-right: calc(-4% \/ 2 );\"><div class=\"fusion-layout-column fusion_builder_column fusion-builder-column-0 fusion_builder_column_1_1 1_1 fusion-flex-column\" style=\"--awb-bg-size:cover;--awb-width-large:100%;--awb-margin-top-large:0px;--awb-spacing-right-large:1.92%;--awb-margin-bottom-large:20px;--awb-spacing-left-large:1.92%;--awb-width-medium:100%;--awb-order-medium:0;--awb-spacing-right-medium:1.92%;--awb-spacing-left-medium:1.92%;--awb-width-small:100%;--awb-order-small:0;--awb-spacing-right-small:1.92%;--awb-spacing-left-small:1.92%;\"><div class=\"fusion-column-wrapper fusion-column-has-shadow fusion-flex-justify-content-flex-start fusion-content-layout-column\"><div class=\"fusion-text fusion-text-1\"><div class=\"et_pb_module et_pb_text et_pb_text_1 et_pb_text_align_left et_pb_bg_layout_light\">\n<div class=\"et_pb_text_inner\">\n<p><strong>\u00bfQu\u00e9 son las cookies?<\/strong><\/p>\n<p>Las cookies son peque\u00f1os archivos de texto que se almacenan en su dispositivo cuando visita nuestro sitio web. Estas cookies permiten que el sitio recuerde sus acciones y preferencias (como inicio de sesi\u00f3n, idioma, tama\u00f1o de fuente y otras preferencias de visualizaci\u00f3n) durante un per\u00edodo de tiempo, de modo que no tenga que volver a ingresarlas cada vez que regrese al sitio o navegue de una p\u00e1gina a otra.<\/p>\n<p><strong>\u00bfC\u00f3mo utilizamos las cookies?<\/strong><\/p>\n<p>En Escuela los Quijotes, utilizamos cookies para varios prop\u00f3sitos, incluyendo:<\/p>\n<p>\u2013 Mejorar la experiencia del usuario: Al recordar sus preferencias, podemos proporcionarle una experiencia m\u00e1s personalizada en nuestro sitio web.<br \/>\n\u2013 Analizar el tr\u00e1fico del sitio web: Utilizando herramientas de an\u00e1lisis para comprender c\u00f3mo los usuarios interact\u00faan con nuestro sitio, lo que nos ayuda a mejorar su funcionalidad y contenido.<br \/>\n\u2013 Publicidad y marketing: Mostrando anuncios relevantes y midiendo la efectividad de nuestras campa\u00f1as publicitarias.<\/p>\n<p><strong>Tipos de cookies que utilizamos<\/strong><\/p>\n<p>Nuestro sitio web utiliza los siguientes tipos de cookies:<\/p>\n<p>\u2013 Cookies estrictamente necesarias: Estas cookies son esenciales para que usted pueda navegar por el sitio web y utilizar sus funciones, como acceder a \u00e1reas seguras del sitio. Sin estas cookies, los servicios que ha solicitado no pueden ser proporcionados.<br \/>\n\u2013 Cookies de rendimiento: Estas cookies recopilan informaci\u00f3n sobre c\u00f3mo los visitantes utilizan nuestro sitio web, por ejemplo, qu\u00e9 p\u00e1ginas visitan con m\u00e1s frecuencia y si reciben mensajes de error de las p\u00e1ginas web. Estas cookies no recopilan informaci\u00f3n que identifique a un visitante. Toda la informaci\u00f3n que estas cookies recopilan es agregada y, por lo tanto, an\u00f3nima. Solo se utiliza para mejorar el rendimiento del sitio web.<br \/>\n\u2013 Cookies de funcionalidad: Estas cookies permiten que el sitio web recuerde las elecciones que usted hace (como su nombre de usuario, idioma o la regi\u00f3n en la que se encuentra) y proporcionan caracter\u00edsticas mejoradas y m\u00e1s personales.<br \/>\n\u2013 Cookies de publicidad: Estas cookies se utilizan para mostrarle anuncios m\u00e1s relevantes y acordes a sus intereses. Tambi\u00e9n se utilizan para limitar el n\u00famero de veces que ve un anuncio y para medir la efectividad de las campa\u00f1as publicitarias.<\/p>\n<p><strong>Consentimiento<\/strong><\/p>\n<p>Cuando acceda a nuestro sitio web, se le informar\u00e1 sobre el uso de estas cookies a trav\u00e9s de un aviso o banner, y se solicitar\u00e1 su consentimiento para su instalaci\u00f3n. Es importante tener en cuenta que si decide no aceptar ciertas cookies, la funcionalidad del sitio web puede verse afectada.<\/p>\n<p><strong>C\u00f3mo gestionar las cookies<\/strong><\/p>\n<p>Usted puede controlar y\/o eliminar las cookies como desee. Para m\u00e1s detalles, visite <a href=\"https:\/\/www.aboutcookies.org\/\">aboutcookies.org<\/a>. Puede eliminar todas las cookies que ya est\u00e1n en su computadora y puede configurar la mayor\u00eda de los navegadores para evitar que se instalen. Sin embargo, si hace esto, es posible que tenga que ajustar manualmente algunas preferencias cada vez que visite un sitio, y algunos servicios y funcionalidades pueden no funcionar.<\/p>\n<p><strong>Cambios en la Pol\u00edtica de Cookies<\/strong><\/p>\n<p>Escuela los Quijotes se reserva el derecho de modificar esta Pol\u00edtica de Cookies en cualquier momento. Cualquier cambio en esta pol\u00edtica se publicar\u00e1 en esta p\u00e1gina.<\/p>\n<p><strong>Contacto<\/strong><\/p>\n<p>Si tiene alguna pregunta sobre nuestra Pol\u00edtica de Cookies, puede contactarnos en:<\/p>\n<p>Correo electr\u00f3nico: i<a href=\"mailto:nfo@escuelalosquijotes.com\">nfo@escuelalosquijotes.com<\/a><\/p>\n<\/div>\n<\/div>\n<\/div><\/div><\/div><\/div><\/div>\n","protected":false},"excerpt":{"rendered":"","protected":false},"author":1,"featured_media":0,"parent":0,"menu_order":80,"comment_status":"closed","ping_status":"closed","template":"","meta":{"_joinchat":[],"footnotes":""},"class_list":["post-2755","page","type-page","status-publish","hentry"],"yoast_head":"<!-- This site is optimized with the Yoast SEO plugin v27.3 - https:\/\/yoast.com\/product\/yoast-seo-wordpress\/ -->\n<title>Pol\u00edtica de cookies - Escuela los Quijotes<\/title>\n<meta name=\"robots\" content=\"index, follow, max-snippet:-1, max-image-preview:large, max-video-preview:-1\" \/>\n<link rel=\"canonical\" href=\"https:\/\/www.escuelalosquijotes.com\/es\/politica-de-cookies\/\" \/>\n<meta property=\"og:locale\" content=\"es_ES\" \/>\n<meta property=\"og:type\" content=\"article\" \/>\n<meta property=\"og:title\" content=\"Pol\u00edtica de cookies - Escuela los Quijotes\" \/>\n<meta property=\"og:url\" content=\"https:\/\/www.escuelalosquijotes.com\/es\/politica-de-cookies\/\" \/>\n<meta property=\"og:site_name\" content=\"Escuela los Quijotes\" \/>\n<meta property=\"article:modified_time\" content=\"2024-08-22T09:07:01+00:00\" \/>\n<meta name=\"twitter:card\" content=\"summary_large_image\" \/>\n<meta name=\"twitter:label1\" content=\"Tiempo de lectura\" \/>\n\t<meta name=\"twitter:data1\" content=\"8 minutos\" \/>\n<script type=\"application\/ld+json\" class=\"yoast-schema-graph\">{\"@context\":\"https:\\\/\\\/schema.org\",\"@graph\":[{\"@type\":\"WebPage\",\"@id\":\"https:\\\/\\\/www.escuelalosquijotes.com\\\/es\\\/politica-de-cookies\\\/\",\"url\":\"https:\\\/\\\/www.escuelalosquijotes.com\\\/es\\\/politica-de-cookies\\\/\",\"name\":\"Pol\u00edtica de cookies - Escuela los Quijotes\",\"isPartOf\":{\"@id\":\"https:\\\/\\\/www.escuelalosquijotes.com\\\/es\\\/#website\"},\"datePublished\":\"2024-08-20T08:03:08+00:00\",\"dateModified\":\"2024-08-22T09:07:01+00:00\",\"breadcrumb\":{\"@id\":\"https:\\\/\\\/www.escuelalosquijotes.com\\\/es\\\/politica-de-cookies\\\/#breadcrumb\"},\"inLanguage\":\"es\",\"potentialAction\":[{\"@type\":\"ReadAction\",\"target\":[\"https:\\\/\\\/www.escuelalosquijotes.com\\\/es\\\/politica-de-cookies\\\/\"]}]},{\"@type\":\"BreadcrumbList\",\"@id\":\"https:\\\/\\\/www.escuelalosquijotes.com\\\/es\\\/politica-de-cookies\\\/#breadcrumb\",\"itemListElement\":[{\"@type\":\"ListItem\",\"position\":1,\"name\":\"Portada\",\"item\":\"https:\\\/\\\/www.escuelalosquijotes.com\\\/es\\\/\"},{\"@type\":\"ListItem\",\"position\":2,\"name\":\"Pol\u00edtica de cookies\"}]},{\"@type\":\"WebSite\",\"@id\":\"https:\\\/\\\/www.escuelalosquijotes.com\\\/es\\\/#website\",\"url\":\"https:\\\/\\\/www.escuelalosquijotes.com\\\/es\\\/\",\"name\":\"Escuela los Quijotes\",\"description\":\"Aprende espa\u00f1ol online\",\"publisher\":{\"@id\":\"https:\\\/\\\/www.escuelalosquijotes.com\\\/es\\\/#\\\/schema\\\/person\\\/bcab75e6bb6a315cb36a6b8e493eb264\"},\"potentialAction\":[{\"@type\":\"SearchAction\",\"target\":{\"@type\":\"EntryPoint\",\"urlTemplate\":\"https:\\\/\\\/www.escuelalosquijotes.com\\\/es\\\/?s={search_term_string}\"},\"query-input\":{\"@type\":\"PropertyValueSpecification\",\"valueRequired\":true,\"valueName\":\"search_term_string\"}}],\"inLanguage\":\"es\"},{\"@type\":[\"Person\",\"Organization\"],\"@id\":\"https:\\\/\\\/www.escuelalosquijotes.com\\\/es\\\/#\\\/schema\\\/person\\\/bcab75e6bb6a315cb36a6b8e493eb264\",\"name\":\"ROBERTO GONZ\u00c1LEZ KLAWITTER\",\"image\":{\"@type\":\"ImageObject\",\"inLanguage\":\"es\",\"@id\":\"https:\\\/\\\/www.escuelalosquijotes.com\\\/wp-content\\\/uploads\\\/2024\\\/08\\\/students-6078679_640.jpg\",\"url\":\"https:\\\/\\\/www.escuelalosquijotes.com\\\/wp-content\\\/uploads\\\/2024\\\/08\\\/students-6078679_640.jpg\",\"contentUrl\":\"https:\\\/\\\/www.escuelalosquijotes.com\\\/wp-content\\\/uploads\\\/2024\\\/08\\\/students-6078679_640.jpg\",\"width\":427,\"height\":640,\"caption\":\"ROBERTO GONZ\u00c1LEZ KLAWITTER\"},\"logo\":{\"@id\":\"https:\\\/\\\/www.escuelalosquijotes.com\\\/wp-content\\\/uploads\\\/2024\\\/08\\\/students-6078679_640.jpg\"}}]}<\/script>\n<!-- \/ Yoast SEO plugin. -->","yoast_head_json":{"title":"Pol\u00edtica de cookies - Escuela los Quijotes","robots":{"index":"index","follow":"follow","max-snippet":"max-snippet:-1","max-image-preview":"max-image-preview:large","max-video-preview":"max-video-preview:-1"},"canonical":"https:\/\/www.escuelalosquijotes.com\/es\/politica-de-cookies\/","og_locale":"es_ES","og_type":"article","og_title":"Pol\u00edtica de cookies - Escuela los Quijotes","og_url":"https:\/\/www.escuelalosquijotes.com\/es\/politica-de-cookies\/","og_site_name":"Escuela los Quijotes","article_modified_time":"2024-08-22T09:07:01+00:00","twitter_card":"summary_large_image","twitter_misc":{"Tiempo de lectura":"8 minutos"},"schema":{"@context":"https:\/\/schema.org","@graph":[{"@type":"WebPage","@id":"https:\/\/www.escuelalosquijotes.com\/es\/politica-de-cookies\/","url":"https:\/\/www.escuelalosquijotes.com\/es\/politica-de-cookies\/","name":"Pol\u00edtica de cookies - Escuela los Quijotes","isPartOf":{"@id":"https:\/\/www.escuelalosquijotes.com\/es\/#website"},"datePublished":"2024-08-20T08:03:08+00:00","dateModified":"2024-08-22T09:07:01+00:00","breadcrumb":{"@id":"https:\/\/www.escuelalosquijotes.com\/es\/politica-de-cookies\/#breadcrumb"},"inLanguage":"es","potentialAction":[{"@type":"ReadAction","target":["https:\/\/www.escuelalosquijotes.com\/es\/politica-de-cookies\/"]}]},{"@type":"BreadcrumbList","@id":"https:\/\/www.escuelalosquijotes.com\/es\/politica-de-cookies\/#breadcrumb","itemListElement":[{"@type":"ListItem","position":1,"name":"Portada","item":"https:\/\/www.escuelalosquijotes.com\/es\/"},{"@type":"ListItem","position":2,"name":"Pol\u00edtica de cookies"}]},{"@type":"WebSite","@id":"https:\/\/www.escuelalosquijotes.com\/es\/#website","url":"https:\/\/www.escuelalosquijotes.com\/es\/","name":"Escuela los Quijotes","description":"Aprende espa\u00f1ol online","publisher":{"@id":"https:\/\/www.escuelalosquijotes.com\/es\/#\/schema\/person\/bcab75e6bb6a315cb36a6b8e493eb264"},"potentialAction":[{"@type":"SearchAction","target":{"@type":"EntryPoint","urlTemplate":"https:\/\/www.escuelalosquijotes.com\/es\/?s={search_term_string}"},"query-input":{"@type":"PropertyValueSpecification","valueRequired":true,"valueName":"search_term_string"}}],"inLanguage":"es"},{"@type":["Person","Organization"],"@id":"https:\/\/www.escuelalosquijotes.com\/es\/#\/schema\/person\/bcab75e6bb6a315cb36a6b8e493eb264","name":"ROBERTO GONZ\u00c1LEZ KLAWITTER","image":{"@type":"ImageObject","inLanguage":"es","@id":"https:\/\/www.escuelalosquijotes.com\/wp-content\/uploads\/2024\/08\/students-6078679_640.jpg","url":"https:\/\/www.escuelalosquijotes.com\/wp-content\/uploads\/2024\/08\/students-6078679_640.jpg","contentUrl":"https:\/\/www.escuelalosquijotes.com\/wp-content\/uploads\/2024\/08\/students-6078679_640.jpg","width":427,"height":640,"caption":"ROBERTO GONZ\u00c1LEZ KLAWITTER"},"logo":{"@id":"https:\/\/www.escuelalosquijotes.com\/wp-content\/uploads\/2024\/08\/students-6078679_640.jpg"}}]}},"_links":{"self":[{"href":"https:\/\/www.escuelalosquijotes.com\/es\/wp-json\/wp\/v2\/pages\/2755","targetHints":{"allow":["GET"]}}],"collection":[{"href":"https:\/\/www.escuelalosquijotes.com\/es\/wp-json\/wp\/v2\/pages"}],"about":[{"href":"https:\/\/www.escuelalosquijotes.com\/es\/wp-json\/wp\/v2\/types\/page"}],"author":[{"embeddable":true,"href":"https:\/\/www.escuelalosquijotes.com\/es\/wp-json\/wp\/v2\/users\/1"}],"replies":[{"embeddable":true,"href":"https:\/\/www.escuelalosquijotes.com\/es\/wp-json\/wp\/v2\/comments?post=2755"}],"version-history":[{"count":0,"href":"https:\/\/www.escuelalosquijotes.com\/es\/wp-json\/wp\/v2\/pages\/2755\/revisions"}],"wp:attachment":[{"href":"https:\/\/www.escuelalosquijotes.com\/es\/wp-json\/wp\/v2\/media?parent=2755"}],"curies":[{"name":"wp","href":"https:\/\/api.w.org\/{rel}","templated":true}]}}