{"id":2757,"date":"2024-08-20T08:03:36","date_gmt":"2024-08-20T08:03:36","guid":{"rendered":"https:\/\/www.tapcoen.com\/beta3\/?page_id=2757"},"modified":"2024-09-18T09:11:06","modified_gmt":"2024-09-18T09:11:06","slug":"politica-de-privacidad","status":"publish","type":"page","link":"https:\/\/www.escuelalosquijotes.com\/es\/politica-de-privacidad\/","title":{"rendered":"Pol\u00edtica de privacidad"},"content":{"rendered":"<div class=\"fusion-fullwidth fullwidth-box fusion-builder-row-1 fusion-flex-container has-pattern-background has-mask-background nonhundred-percent-fullwidth non-hundred-percent-height-scrolling\" style=\"--awb-border-radius-top-left:0px;--awb-border-radius-top-right:0px;--awb-border-radius-bottom-right:0px;--awb-border-radius-bottom-left:0px;--awb-flex-wrap:wrap;\" ><div class=\"fusion-builder-row fusion-row fusion-flex-align-items-flex-start fusion-flex-content-wrap\" style=\"max-width:1248px;margin-left: calc(-4% \/ 2 );margin-right: calc(-4% \/ 2 );\"><div class=\"fusion-layout-column fusion_builder_column fusion-builder-column-0 fusion_builder_column_1_1 1_1 fusion-flex-column\" style=\"--awb-bg-size:cover;--awb-width-large:100%;--awb-margin-top-large:0px;--awb-spacing-right-large:1.92%;--awb-margin-bottom-large:20px;--awb-spacing-left-large:1.92%;--awb-width-medium:100%;--awb-order-medium:0;--awb-spacing-right-medium:1.92%;--awb-spacing-left-medium:1.92%;--awb-width-small:100%;--awb-order-small:0;--awb-spacing-right-small:1.92%;--awb-spacing-left-small:1.92%;\"><div class=\"fusion-column-wrapper fusion-column-has-shadow fusion-flex-justify-content-flex-start fusion-content-layout-column\"><div class=\"fusion-text fusion-text-1\"><div class=\"container\">\n<div class=\"row\">\n<div class=\"content col-sm-12 col-md-12\">\n<div class=\"row\">\n<p>Roberto Gonz\u00e1lez Klawitter, con DNI 39893727C y domicilio en Calle Reus 29 de Barcelona, Espa\u00f1a, es el responsable del tratamiento de los datos personales recogidos en <a href=\"http:\/\/www.escuelalosquijotes.com\" data-saferedirecturl=\"https:\/\/www.google.com\/url?q=http:\/\/www.escuelalosquijotes.com&amp;source=gmail&amp;ust=1724664298605000&amp;usg=AOvVaw09jOFKQ8Io8AWqOquCTDkh\">www.escuelalosquijotes.com<\/a>.<\/p>\n<p>Los datos que recopilamos incluyen identificaci\u00f3n, informaci\u00f3n de contacto y datos de navegaci\u00f3n, utilizados para gestionar solicitudes, procesar inscripciones, enviar comunicaciones comerciales y mejorar la experiencia del usuario.<\/p>\n<p>La base legal para el tratamiento es el consentimiento del usuario. Los datos se almacenan de forma segura y no se comparten con terceros salvo por requerimiento legal.<\/p>\n<p>Los usuarios tienen derecho a acceder, rectificar, eliminar sus datos, oponerse a su tratamiento, solicitar la limitaci\u00f3n o portabilidad de los mismos, y retirar su consentimiento en cualquier momento contactando a <strong><a href=\"mailto:hola@escuelalosquijotes.com\">hola@escuelalosquijotes.com<\/a><\/strong>.<\/p>\n<p>Utilizamos cookies para mejorar el servicio y los usuarios pueden gestionarlas desde su navegador.<\/p>\n<p>Nos reservamos el derecho a modificar esta pol\u00edtica para adaptarla a novedades legislativas.<\/p>\n<\/div>\n<\/div>\n<\/div>\n<\/div>\n<\/div><\/div><\/div><\/div><\/div>\n","protected":false},"excerpt":{"rendered":"","protected":false},"author":1,"featured_media":0,"parent":0,"menu_order":85,"comment_status":"closed","ping_status":"closed","template":"","meta":{"_joinchat":[],"footnotes":""},"class_list":["post-2757","page","type-page","status-publish","hentry"],"yoast_head":"<!-- This site is optimized with the Yoast SEO plugin v27.3 - https:\/\/yoast.com\/product\/yoast-seo-wordpress\/ -->\n<title>Pol\u00edtica de privacidad - Escuela los Quijotes<\/title>\n<meta name=\"robots\" content=\"index, follow, max-snippet:-1, max-image-preview:large, max-video-preview:-1\" \/>\n<link rel=\"canonical\" href=\"https:\/\/www.escuelalosquijotes.com\/es\/politica-de-privacidad\/\" \/>\n<meta property=\"og:locale\" content=\"es_ES\" \/>\n<meta property=\"og:type\" content=\"article\" \/>\n<meta property=\"og:title\" content=\"Pol\u00edtica de privacidad - Escuela los Quijotes\" \/>\n<meta property=\"og:url\" content=\"https:\/\/www.escuelalosquijotes.com\/es\/politica-de-privacidad\/\" \/>\n<meta property=\"og:site_name\" content=\"Escuela los Quijotes\" \/>\n<meta property=\"article:modified_time\" content=\"2024-09-18T09:11:06+00:00\" \/>\n<meta name=\"twitter:card\" content=\"summary_large_image\" \/>\n<meta name=\"twitter:label1\" content=\"Tiempo de lectura\" \/>\n\t<meta name=\"twitter:data1\" content=\"6 minutos\" \/>\n<script type=\"application\/ld+json\" class=\"yoast-schema-graph\">{\"@context\":\"https:\\\/\\\/schema.org\",\"@graph\":[{\"@type\":\"WebPage\",\"@id\":\"https:\\\/\\\/www.escuelalosquijotes.com\\\/es\\\/politica-de-privacidad\\\/\",\"url\":\"https:\\\/\\\/www.escuelalosquijotes.com\\\/es\\\/politica-de-privacidad\\\/\",\"name\":\"Pol\u00edtica de privacidad - Escuela los Quijotes\",\"isPartOf\":{\"@id\":\"https:\\\/\\\/www.escuelalosquijotes.com\\\/es\\\/#website\"},\"datePublished\":\"2024-08-20T08:03:36+00:00\",\"dateModified\":\"2024-09-18T09:11:06+00:00\",\"breadcrumb\":{\"@id\":\"https:\\\/\\\/www.escuelalosquijotes.com\\\/es\\\/politica-de-privacidad\\\/#breadcrumb\"},\"inLanguage\":\"es\",\"potentialAction\":[{\"@type\":\"ReadAction\",\"target\":[\"https:\\\/\\\/www.escuelalosquijotes.com\\\/es\\\/politica-de-privacidad\\\/\"]}]},{\"@type\":\"BreadcrumbList\",\"@id\":\"https:\\\/\\\/www.escuelalosquijotes.com\\\/es\\\/politica-de-privacidad\\\/#breadcrumb\",\"itemListElement\":[{\"@type\":\"ListItem\",\"position\":1,\"name\":\"Portada\",\"item\":\"https:\\\/\\\/www.escuelalosquijotes.com\\\/es\\\/\"},{\"@type\":\"ListItem\",\"position\":2,\"name\":\"Pol\u00edtica de privacidad\"}]},{\"@type\":\"WebSite\",\"@id\":\"https:\\\/\\\/www.escuelalosquijotes.com\\\/es\\\/#website\",\"url\":\"https:\\\/\\\/www.escuelalosquijotes.com\\\/es\\\/\",\"name\":\"Escuela los Quijotes\",\"description\":\"Aprende espa\u00f1ol online\",\"publisher\":{\"@id\":\"https:\\\/\\\/www.escuelalosquijotes.com\\\/es\\\/#\\\/schema\\\/person\\\/bcab75e6bb6a315cb36a6b8e493eb264\"},\"potentialAction\":[{\"@type\":\"SearchAction\",\"target\":{\"@type\":\"EntryPoint\",\"urlTemplate\":\"https:\\\/\\\/www.escuelalosquijotes.com\\\/es\\\/?s={search_term_string}\"},\"query-input\":{\"@type\":\"PropertyValueSpecification\",\"valueRequired\":true,\"valueName\":\"search_term_string\"}}],\"inLanguage\":\"es\"},{\"@type\":[\"Person\",\"Organization\"],\"@id\":\"https:\\\/\\\/www.escuelalosquijotes.com\\\/es\\\/#\\\/schema\\\/person\\\/bcab75e6bb6a315cb36a6b8e493eb264\",\"name\":\"ROBERTO GONZ\u00c1LEZ KLAWITTER\",\"image\":{\"@type\":\"ImageObject\",\"inLanguage\":\"es\",\"@id\":\"https:\\\/\\\/www.escuelalosquijotes.com\\\/wp-content\\\/uploads\\\/2024\\\/08\\\/students-6078679_640.jpg\",\"url\":\"https:\\\/\\\/www.escuelalosquijotes.com\\\/wp-content\\\/uploads\\\/2024\\\/08\\\/students-6078679_640.jpg\",\"contentUrl\":\"https:\\\/\\\/www.escuelalosquijotes.com\\\/wp-content\\\/uploads\\\/2024\\\/08\\\/students-6078679_640.jpg\",\"width\":427,\"height\":640,\"caption\":\"ROBERTO GONZ\u00c1LEZ KLAWITTER\"},\"logo\":{\"@id\":\"https:\\\/\\\/www.escuelalosquijotes.com\\\/wp-content\\\/uploads\\\/2024\\\/08\\\/students-6078679_640.jpg\"}}]}<\/script>\n<!-- \/ Yoast SEO plugin. -->","yoast_head_json":{"title":"Pol\u00edtica de privacidad - Escuela los Quijotes","robots":{"index":"index","follow":"follow","max-snippet":"max-snippet:-1","max-image-preview":"max-image-preview:large","max-video-preview":"max-video-preview:-1"},"canonical":"https:\/\/www.escuelalosquijotes.com\/es\/politica-de-privacidad\/","og_locale":"es_ES","og_type":"article","og_title":"Pol\u00edtica de privacidad - Escuela los Quijotes","og_url":"https:\/\/www.escuelalosquijotes.com\/es\/politica-de-privacidad\/","og_site_name":"Escuela los Quijotes","article_modified_time":"2024-09-18T09:11:06+00:00","twitter_card":"summary_large_image","twitter_misc":{"Tiempo de lectura":"6 minutos"},"schema":{"@context":"https:\/\/schema.org","@graph":[{"@type":"WebPage","@id":"https:\/\/www.escuelalosquijotes.com\/es\/politica-de-privacidad\/","url":"https:\/\/www.escuelalosquijotes.com\/es\/politica-de-privacidad\/","name":"Pol\u00edtica de privacidad - Escuela los Quijotes","isPartOf":{"@id":"https:\/\/www.escuelalosquijotes.com\/es\/#website"},"datePublished":"2024-08-20T08:03:36+00:00","dateModified":"2024-09-18T09:11:06+00:00","breadcrumb":{"@id":"https:\/\/www.escuelalosquijotes.com\/es\/politica-de-privacidad\/#breadcrumb"},"inLanguage":"es","potentialAction":[{"@type":"ReadAction","target":["https:\/\/www.escuelalosquijotes.com\/es\/politica-de-privacidad\/"]}]},{"@type":"BreadcrumbList","@id":"https:\/\/www.escuelalosquijotes.com\/es\/politica-de-privacidad\/#breadcrumb","itemListElement":[{"@type":"ListItem","position":1,"name":"Portada","item":"https:\/\/www.escuelalosquijotes.com\/es\/"},{"@type":"ListItem","position":2,"name":"Pol\u00edtica de privacidad"}]},{"@type":"WebSite","@id":"https:\/\/www.escuelalosquijotes.com\/es\/#website","url":"https:\/\/www.escuelalosquijotes.com\/es\/","name":"Escuela los Quijotes","description":"Aprende espa\u00f1ol online","publisher":{"@id":"https:\/\/www.escuelalosquijotes.com\/es\/#\/schema\/person\/bcab75e6bb6a315cb36a6b8e493eb264"},"potentialAction":[{"@type":"SearchAction","target":{"@type":"EntryPoint","urlTemplate":"https:\/\/www.escuelalosquijotes.com\/es\/?s={search_term_string}"},"query-input":{"@type":"PropertyValueSpecification","valueRequired":true,"valueName":"search_term_string"}}],"inLanguage":"es"},{"@type":["Person","Organization"],"@id":"https:\/\/www.escuelalosquijotes.com\/es\/#\/schema\/person\/bcab75e6bb6a315cb36a6b8e493eb264","name":"ROBERTO GONZ\u00c1LEZ KLAWITTER","image":{"@type":"ImageObject","inLanguage":"es","@id":"https:\/\/www.escuelalosquijotes.com\/wp-content\/uploads\/2024\/08\/students-6078679_640.jpg","url":"https:\/\/www.escuelalosquijotes.com\/wp-content\/uploads\/2024\/08\/students-6078679_640.jpg","contentUrl":"https:\/\/www.escuelalosquijotes.com\/wp-content\/uploads\/2024\/08\/students-6078679_640.jpg","width":427,"height":640,"caption":"ROBERTO GONZ\u00c1LEZ KLAWITTER"},"logo":{"@id":"https:\/\/www.escuelalosquijotes.com\/wp-content\/uploads\/2024\/08\/students-6078679_640.jpg"}}]}},"_links":{"self":[{"href":"https:\/\/www.escuelalosquijotes.com\/es\/wp-json\/wp\/v2\/pages\/2757","targetHints":{"allow":["GET"]}}],"collection":[{"href":"https:\/\/www.escuelalosquijotes.com\/es\/wp-json\/wp\/v2\/pages"}],"about":[{"href":"https:\/\/www.escuelalosquijotes.com\/es\/wp-json\/wp\/v2\/types\/page"}],"author":[{"embeddable":true,"href":"https:\/\/www.escuelalosquijotes.com\/es\/wp-json\/wp\/v2\/users\/1"}],"replies":[{"embeddable":true,"href":"https:\/\/www.escuelalosquijotes.com\/es\/wp-json\/wp\/v2\/comments?post=2757"}],"version-history":[{"count":0,"href":"https:\/\/www.escuelalosquijotes.com\/es\/wp-json\/wp\/v2\/pages\/2757\/revisions"}],"wp:attachment":[{"href":"https:\/\/www.escuelalosquijotes.com\/es\/wp-json\/wp\/v2\/media?parent=2757"}],"curies":[{"name":"wp","href":"https:\/\/api.w.org\/{rel}","templated":true}]}}