{"id":2759,"date":"2024-08-20T08:03:53","date_gmt":"2024-08-20T08:03:53","guid":{"rendered":"https:\/\/www.tapcoen.com\/beta3\/?page_id=2759"},"modified":"2025-08-22T10:59:07","modified_gmt":"2025-08-22T10:59:07","slug":"aviso-legal","status":"publish","type":"page","link":"https:\/\/www.escuelalosquijotes.com\/es\/aviso-legal\/","title":{"rendered":"Aviso legal"},"content":{"rendered":"<div class=\"fusion-fullwidth fullwidth-box fusion-builder-row-1 fusion-flex-container has-pattern-background has-mask-background nonhundred-percent-fullwidth non-hundred-percent-height-scrolling\" style=\"--awb-border-radius-top-left:0px;--awb-border-radius-top-right:0px;--awb-border-radius-bottom-right:0px;--awb-border-radius-bottom-left:0px;--awb-flex-wrap:wrap;\" ><div class=\"fusion-builder-row fusion-row fusion-flex-align-items-flex-start fusion-flex-content-wrap\" style=\"max-width:1248px;margin-left: calc(-4% \/ 2 );margin-right: calc(-4% \/ 2 );\"><div class=\"fusion-layout-column fusion_builder_column fusion-builder-column-0 fusion_builder_column_1_1 1_1 fusion-flex-column\" style=\"--awb-bg-size:cover;--awb-width-large:100%;--awb-margin-top-large:0px;--awb-spacing-right-large:1.92%;--awb-margin-bottom-large:20px;--awb-spacing-left-large:1.92%;--awb-width-medium:100%;--awb-order-medium:0;--awb-spacing-right-medium:1.92%;--awb-spacing-left-medium:1.92%;--awb-width-small:100%;--awb-order-small:0;--awb-spacing-right-small:1.92%;--awb-spacing-left-small:1.92%;\"><div class=\"fusion-column-wrapper fusion-column-has-shadow fusion-flex-justify-content-flex-start fusion-content-layout-column\"><div class=\"fusion-text fusion-text-1\"><h2><strong>Cl\u00e1usula \u2013 Acceso a la plataforma y pol\u00edtica de devoluci\u00f3n<\/strong><\/h2>\n<p>Una vez confirmado y efectuado el pago completo del curso, el alumno dispondr\u00e1 de acceso inmediato a la plataforma online de la escuela, incluyendo todo el material did\u00e1ctico, recursos digitales y contenidos asociados al curso contratado.<\/p>\n<p>El alumno podr\u00e1 ejercer su derecho a solicitar la devoluci\u00f3n \u00edntegra del importe abonado \u00fanicamente durante los <strong>primeros 10 d\u00edas naturales<\/strong> a contar desde la fecha de inicio del curso. Transcurrido dicho plazo, no se admitir\u00e1n devoluciones, anulaciones ni reclamaciones relacionadas con el importe del curso, independientemente del nivel de uso o acceso realizado por el alumno a los materiales o a la plataforma.<\/p>\n<\/div><\/div><\/div><\/div><\/div>\n","protected":false},"excerpt":{"rendered":"","protected":false},"author":1,"featured_media":0,"parent":0,"menu_order":90,"comment_status":"closed","ping_status":"closed","template":"","meta":{"_joinchat":[],"footnotes":""},"class_list":["post-2759","page","type-page","status-publish","hentry"],"yoast_head":"<!-- This site is optimized with the Yoast SEO plugin v27.3 - https:\/\/yoast.com\/product\/yoast-seo-wordpress\/ -->\n<title>Aviso legal - Escuela los Quijotes<\/title>\n<meta name=\"robots\" content=\"index, follow, max-snippet:-1, max-image-preview:large, max-video-preview:-1\" \/>\n<link rel=\"canonical\" href=\"https:\/\/www.escuelalosquijotes.com\/es\/aviso-legal\/\" \/>\n<meta property=\"og:locale\" content=\"es_ES\" \/>\n<meta property=\"og:type\" content=\"article\" \/>\n<meta property=\"og:title\" content=\"Aviso legal - Escuela los Quijotes\" \/>\n<meta property=\"og:url\" content=\"https:\/\/www.escuelalosquijotes.com\/es\/aviso-legal\/\" \/>\n<meta property=\"og:site_name\" content=\"Escuela los Quijotes\" \/>\n<meta property=\"article:modified_time\" content=\"2025-08-22T10:59:07+00:00\" \/>\n<meta name=\"twitter:card\" content=\"summary_large_image\" \/>\n<meta name=\"twitter:label1\" content=\"Tiempo de lectura\" \/>\n\t<meta name=\"twitter:data1\" content=\"1 minuto\" \/>\n<script type=\"application\/ld+json\" class=\"yoast-schema-graph\">{\"@context\":\"https:\\\/\\\/schema.org\",\"@graph\":[{\"@type\":\"WebPage\",\"@id\":\"https:\\\/\\\/www.escuelalosquijotes.com\\\/es\\\/aviso-legal\\\/\",\"url\":\"https:\\\/\\\/www.escuelalosquijotes.com\\\/es\\\/aviso-legal\\\/\",\"name\":\"Aviso legal - Escuela los Quijotes\",\"isPartOf\":{\"@id\":\"https:\\\/\\\/www.escuelalosquijotes.com\\\/es\\\/#website\"},\"datePublished\":\"2024-08-20T08:03:53+00:00\",\"dateModified\":\"2025-08-22T10:59:07+00:00\",\"breadcrumb\":{\"@id\":\"https:\\\/\\\/www.escuelalosquijotes.com\\\/es\\\/aviso-legal\\\/#breadcrumb\"},\"inLanguage\":\"es\",\"potentialAction\":[{\"@type\":\"ReadAction\",\"target\":[\"https:\\\/\\\/www.escuelalosquijotes.com\\\/es\\\/aviso-legal\\\/\"]}]},{\"@type\":\"BreadcrumbList\",\"@id\":\"https:\\\/\\\/www.escuelalosquijotes.com\\\/es\\\/aviso-legal\\\/#breadcrumb\",\"itemListElement\":[{\"@type\":\"ListItem\",\"position\":1,\"name\":\"Portada\",\"item\":\"https:\\\/\\\/www.escuelalosquijotes.com\\\/es\\\/\"},{\"@type\":\"ListItem\",\"position\":2,\"name\":\"Aviso legal\"}]},{\"@type\":\"WebSite\",\"@id\":\"https:\\\/\\\/www.escuelalosquijotes.com\\\/es\\\/#website\",\"url\":\"https:\\\/\\\/www.escuelalosquijotes.com\\\/es\\\/\",\"name\":\"Escuela los Quijotes\",\"description\":\"Aprende espa\u00f1ol online\",\"publisher\":{\"@id\":\"https:\\\/\\\/www.escuelalosquijotes.com\\\/es\\\/#\\\/schema\\\/person\\\/bcab75e6bb6a315cb36a6b8e493eb264\"},\"potentialAction\":[{\"@type\":\"SearchAction\",\"target\":{\"@type\":\"EntryPoint\",\"urlTemplate\":\"https:\\\/\\\/www.escuelalosquijotes.com\\\/es\\\/?s={search_term_string}\"},\"query-input\":{\"@type\":\"PropertyValueSpecification\",\"valueRequired\":true,\"valueName\":\"search_term_string\"}}],\"inLanguage\":\"es\"},{\"@type\":[\"Person\",\"Organization\"],\"@id\":\"https:\\\/\\\/www.escuelalosquijotes.com\\\/es\\\/#\\\/schema\\\/person\\\/bcab75e6bb6a315cb36a6b8e493eb264\",\"name\":\"ROBERTO GONZ\u00c1LEZ KLAWITTER\",\"image\":{\"@type\":\"ImageObject\",\"inLanguage\":\"es\",\"@id\":\"https:\\\/\\\/www.escuelalosquijotes.com\\\/wp-content\\\/uploads\\\/2024\\\/08\\\/students-6078679_640.jpg\",\"url\":\"https:\\\/\\\/www.escuelalosquijotes.com\\\/wp-content\\\/uploads\\\/2024\\\/08\\\/students-6078679_640.jpg\",\"contentUrl\":\"https:\\\/\\\/www.escuelalosquijotes.com\\\/wp-content\\\/uploads\\\/2024\\\/08\\\/students-6078679_640.jpg\",\"width\":427,\"height\":640,\"caption\":\"ROBERTO GONZ\u00c1LEZ KLAWITTER\"},\"logo\":{\"@id\":\"https:\\\/\\\/www.escuelalosquijotes.com\\\/wp-content\\\/uploads\\\/2024\\\/08\\\/students-6078679_640.jpg\"}}]}<\/script>\n<!-- \/ Yoast SEO plugin. -->","yoast_head_json":{"title":"Aviso legal - Escuela los Quijotes","robots":{"index":"index","follow":"follow","max-snippet":"max-snippet:-1","max-image-preview":"max-image-preview:large","max-video-preview":"max-video-preview:-1"},"canonical":"https:\/\/www.escuelalosquijotes.com\/es\/aviso-legal\/","og_locale":"es_ES","og_type":"article","og_title":"Aviso legal - Escuela los Quijotes","og_url":"https:\/\/www.escuelalosquijotes.com\/es\/aviso-legal\/","og_site_name":"Escuela los Quijotes","article_modified_time":"2025-08-22T10:59:07+00:00","twitter_card":"summary_large_image","twitter_misc":{"Tiempo de lectura":"1 minuto"},"schema":{"@context":"https:\/\/schema.org","@graph":[{"@type":"WebPage","@id":"https:\/\/www.escuelalosquijotes.com\/es\/aviso-legal\/","url":"https:\/\/www.escuelalosquijotes.com\/es\/aviso-legal\/","name":"Aviso legal - Escuela los Quijotes","isPartOf":{"@id":"https:\/\/www.escuelalosquijotes.com\/es\/#website"},"datePublished":"2024-08-20T08:03:53+00:00","dateModified":"2025-08-22T10:59:07+00:00","breadcrumb":{"@id":"https:\/\/www.escuelalosquijotes.com\/es\/aviso-legal\/#breadcrumb"},"inLanguage":"es","potentialAction":[{"@type":"ReadAction","target":["https:\/\/www.escuelalosquijotes.com\/es\/aviso-legal\/"]}]},{"@type":"BreadcrumbList","@id":"https:\/\/www.escuelalosquijotes.com\/es\/aviso-legal\/#breadcrumb","itemListElement":[{"@type":"ListItem","position":1,"name":"Portada","item":"https:\/\/www.escuelalosquijotes.com\/es\/"},{"@type":"ListItem","position":2,"name":"Aviso legal"}]},{"@type":"WebSite","@id":"https:\/\/www.escuelalosquijotes.com\/es\/#website","url":"https:\/\/www.escuelalosquijotes.com\/es\/","name":"Escuela los Quijotes","description":"Aprende espa\u00f1ol online","publisher":{"@id":"https:\/\/www.escuelalosquijotes.com\/es\/#\/schema\/person\/bcab75e6bb6a315cb36a6b8e493eb264"},"potentialAction":[{"@type":"SearchAction","target":{"@type":"EntryPoint","urlTemplate":"https:\/\/www.escuelalosquijotes.com\/es\/?s={search_term_string}"},"query-input":{"@type":"PropertyValueSpecification","valueRequired":true,"valueName":"search_term_string"}}],"inLanguage":"es"},{"@type":["Person","Organization"],"@id":"https:\/\/www.escuelalosquijotes.com\/es\/#\/schema\/person\/bcab75e6bb6a315cb36a6b8e493eb264","name":"ROBERTO GONZ\u00c1LEZ KLAWITTER","image":{"@type":"ImageObject","inLanguage":"es","@id":"https:\/\/www.escuelalosquijotes.com\/wp-content\/uploads\/2024\/08\/students-6078679_640.jpg","url":"https:\/\/www.escuelalosquijotes.com\/wp-content\/uploads\/2024\/08\/students-6078679_640.jpg","contentUrl":"https:\/\/www.escuelalosquijotes.com\/wp-content\/uploads\/2024\/08\/students-6078679_640.jpg","width":427,"height":640,"caption":"ROBERTO GONZ\u00c1LEZ KLAWITTER"},"logo":{"@id":"https:\/\/www.escuelalosquijotes.com\/wp-content\/uploads\/2024\/08\/students-6078679_640.jpg"}}]}},"_links":{"self":[{"href":"https:\/\/www.escuelalosquijotes.com\/es\/wp-json\/wp\/v2\/pages\/2759","targetHints":{"allow":["GET"]}}],"collection":[{"href":"https:\/\/www.escuelalosquijotes.com\/es\/wp-json\/wp\/v2\/pages"}],"about":[{"href":"https:\/\/www.escuelalosquijotes.com\/es\/wp-json\/wp\/v2\/types\/page"}],"author":[{"embeddable":true,"href":"https:\/\/www.escuelalosquijotes.com\/es\/wp-json\/wp\/v2\/users\/1"}],"replies":[{"embeddable":true,"href":"https:\/\/www.escuelalosquijotes.com\/es\/wp-json\/wp\/v2\/comments?post=2759"}],"version-history":[{"count":1,"href":"https:\/\/www.escuelalosquijotes.com\/es\/wp-json\/wp\/v2\/pages\/2759\/revisions"}],"predecessor-version":[{"id":3459,"href":"https:\/\/www.escuelalosquijotes.com\/es\/wp-json\/wp\/v2\/pages\/2759\/revisions\/3459"}],"wp:attachment":[{"href":"https:\/\/www.escuelalosquijotes.com\/es\/wp-json\/wp\/v2\/media?parent=2759"}],"curies":[{"name":"wp","href":"https:\/\/api.w.org\/{rel}","templated":true}]}}