{"id":206,"date":"2020-05-01T12:53:50","date_gmt":"2020-05-01T12:53:50","guid":{"rendered":"https:\/\/avadawebsites.wpengine.com\/online-tutor\/?post_type=product&#038;p=206"},"modified":"2025-08-22T10:45:19","modified_gmt":"2025-08-22T10:45:19","slug":"aprende-espanol-online","status":"publish","type":"product","link":"https:\/\/www.escuelalosquijotes.com\/es\/product\/aprende-espanol-online\/","title":{"rendered":"Aprende espa\u00f1ol Online"},"content":{"rendered":"","protected":false},"excerpt":{"rendered":"<p style=\"text-align: center;\">PRECIO DEL CURSO 1450 SAR<br \/>\n<strong>12 SESIONES<\/strong><\/p>\n<ul>\n<li>Profesor de espa\u00f1ol certificado<\/li>\n<li>Creador de su propia metodolog\u00eda \u201clos Quijotes\u201d<\/li>\n<li>Te ense\u00f1a espa\u00f1ol b\u00e1sico en 6 semanas<\/li>\n<li>Con un l\u00e9xico de m\u00e1s de 500 palabras<\/li>\n<\/ul>\n<p>&nbsp;<\/p>\n","protected":false},"featured_media":3078,"template":"","meta":{"_joinchat":[]},"product_brand":[],"product_cat":[37],"product_tag":[],"class_list":{"0":"post-206","1":"product","2":"type-product","3":"status-publish","4":"has-post-thumbnail","6":"product_cat-school","8":"first","9":"instock","10":"featured","11":"virtual","12":"sold-individually","13":"purchasable","14":"product-type-simple"},"yoast_head":"<!-- This site is optimized with the Yoast SEO plugin v27.3 - https:\/\/yoast.com\/product\/yoast-seo-wordpress\/ -->\n<title>Aprende espa\u00f1ol Online - Escuela los Quijotes<\/title>\n<meta name=\"robots\" content=\"index, follow, max-snippet:-1, max-image-preview:large, max-video-preview:-1\" \/>\n<link rel=\"canonical\" href=\"https:\/\/www.escuelalosquijotes.com\/es\/product\/aprende-espanol-online\/\" \/>\n<meta property=\"og:locale\" content=\"es_ES\" \/>\n<meta property=\"og:type\" content=\"article\" \/>\n<meta property=\"og:title\" content=\"Aprende espa\u00f1ol Online - Escuela los Quijotes\" \/>\n<meta property=\"og:description\" content=\"PRECIO DEL CURSO 1450 SAR 12 SESIONES    Profesor de espa\u00f1ol certificado  Creador de su propia metodolog\u00eda \u201clos Quijotes\u201d  Te ense\u00f1a espa\u00f1ol b\u00e1sico en 6 semanas  Con un l\u00e9xico de m\u00e1s de 500 palabras  &nbsp;\" \/>\n<meta property=\"og:url\" content=\"https:\/\/www.escuelalosquijotes.com\/es\/product\/aprende-espanol-online\/\" \/>\n<meta property=\"og:site_name\" content=\"Escuela los Quijotes\" \/>\n<meta property=\"article:modified_time\" content=\"2025-08-22T10:45:19+00:00\" \/>\n<meta property=\"og:image\" content=\"https:\/\/www.escuelalosquijotes.com\/wp-content\/uploads\/2024\/08\/students-6078679_640.jpg\" \/>\n\t<meta property=\"og:image:width\" content=\"427\" \/>\n\t<meta property=\"og:image:height\" content=\"640\" \/>\n\t<meta property=\"og:image:type\" content=\"image\/jpeg\" \/>\n<meta name=\"twitter:card\" content=\"summary_large_image\" \/>\n<meta name=\"twitter:label1\" content=\"Tiempo de lectura\" \/>\n\t<meta name=\"twitter:data1\" content=\"1 minuto\" \/>\n<script type=\"application\/ld+json\" class=\"yoast-schema-graph\">{\"@context\":\"https:\\\/\\\/schema.org\",\"@graph\":[{\"@type\":\"WebPage\",\"@id\":\"https:\\\/\\\/www.escuelalosquijotes.com\\\/es\\\/product\\\/aprende-espanol-online\\\/\",\"url\":\"https:\\\/\\\/www.escuelalosquijotes.com\\\/es\\\/product\\\/aprende-espanol-online\\\/\",\"name\":\"Aprende espa\u00f1ol Online - Escuela los Quijotes\",\"isPartOf\":{\"@id\":\"https:\\\/\\\/www.escuelalosquijotes.com\\\/es\\\/#website\"},\"primaryImageOfPage\":{\"@id\":\"https:\\\/\\\/www.escuelalosquijotes.com\\\/es\\\/product\\\/aprende-espanol-online\\\/#primaryimage\"},\"image\":{\"@id\":\"https:\\\/\\\/www.escuelalosquijotes.com\\\/es\\\/product\\\/aprende-espanol-online\\\/#primaryimage\"},\"thumbnailUrl\":\"https:\\\/\\\/www.escuelalosquijotes.com\\\/wp-content\\\/uploads\\\/2024\\\/08\\\/students-6078679_640.jpg\",\"datePublished\":\"2020-05-01T12:53:50+00:00\",\"dateModified\":\"2025-08-22T10:45:19+00:00\",\"breadcrumb\":{\"@id\":\"https:\\\/\\\/www.escuelalosquijotes.com\\\/es\\\/product\\\/aprende-espanol-online\\\/#breadcrumb\"},\"inLanguage\":\"es\",\"potentialAction\":[{\"@type\":\"ReadAction\",\"target\":[\"https:\\\/\\\/www.escuelalosquijotes.com\\\/es\\\/product\\\/aprende-espanol-online\\\/\"]}]},{\"@type\":\"ImageObject\",\"inLanguage\":\"es\",\"@id\":\"https:\\\/\\\/www.escuelalosquijotes.com\\\/es\\\/product\\\/aprende-espanol-online\\\/#primaryimage\",\"url\":\"https:\\\/\\\/www.escuelalosquijotes.com\\\/wp-content\\\/uploads\\\/2024\\\/08\\\/students-6078679_640.jpg\",\"contentUrl\":\"https:\\\/\\\/www.escuelalosquijotes.com\\\/wp-content\\\/uploads\\\/2024\\\/08\\\/students-6078679_640.jpg\",\"width\":427,\"height\":640},{\"@type\":\"BreadcrumbList\",\"@id\":\"https:\\\/\\\/www.escuelalosquijotes.com\\\/es\\\/product\\\/aprende-espanol-online\\\/#breadcrumb\",\"itemListElement\":[{\"@type\":\"ListItem\",\"position\":1,\"name\":\"Portada\",\"item\":\"https:\\\/\\\/www.escuelalosquijotes.com\\\/es\\\/\"},{\"@type\":\"ListItem\",\"position\":2,\"name\":\"Tienda\",\"item\":\"https:\\\/\\\/www.escuelalosquijotes.com\\\/es\\\/tienda\\\/\"},{\"@type\":\"ListItem\",\"position\":3,\"name\":\"Aprende espa\u00f1ol Online\"}]},{\"@type\":\"WebSite\",\"@id\":\"https:\\\/\\\/www.escuelalosquijotes.com\\\/es\\\/#website\",\"url\":\"https:\\\/\\\/www.escuelalosquijotes.com\\\/es\\\/\",\"name\":\"Escuela los Quijotes\",\"description\":\"Aprende espa\u00f1ol online\",\"publisher\":{\"@id\":\"https:\\\/\\\/www.escuelalosquijotes.com\\\/es\\\/#\\\/schema\\\/person\\\/bcab75e6bb6a315cb36a6b8e493eb264\"},\"potentialAction\":[{\"@type\":\"SearchAction\",\"target\":{\"@type\":\"EntryPoint\",\"urlTemplate\":\"https:\\\/\\\/www.escuelalosquijotes.com\\\/es\\\/?s={search_term_string}\"},\"query-input\":{\"@type\":\"PropertyValueSpecification\",\"valueRequired\":true,\"valueName\":\"search_term_string\"}}],\"inLanguage\":\"es\"},{\"@type\":[\"Person\",\"Organization\"],\"@id\":\"https:\\\/\\\/www.escuelalosquijotes.com\\\/es\\\/#\\\/schema\\\/person\\\/bcab75e6bb6a315cb36a6b8e493eb264\",\"name\":\"ROBERTO GONZ\u00c1LEZ KLAWITTER\",\"image\":{\"@type\":\"ImageObject\",\"inLanguage\":\"es\",\"@id\":\"https:\\\/\\\/www.escuelalosquijotes.com\\\/wp-content\\\/uploads\\\/2024\\\/08\\\/students-6078679_640.jpg\",\"url\":\"https:\\\/\\\/www.escuelalosquijotes.com\\\/wp-content\\\/uploads\\\/2024\\\/08\\\/students-6078679_640.jpg\",\"contentUrl\":\"https:\\\/\\\/www.escuelalosquijotes.com\\\/wp-content\\\/uploads\\\/2024\\\/08\\\/students-6078679_640.jpg\",\"width\":427,\"height\":640,\"caption\":\"ROBERTO GONZ\u00c1LEZ KLAWITTER\"},\"logo\":{\"@id\":\"https:\\\/\\\/www.escuelalosquijotes.com\\\/wp-content\\\/uploads\\\/2024\\\/08\\\/students-6078679_640.jpg\"}}]}<\/script>\n<!-- \/ Yoast SEO plugin. -->","yoast_head_json":{"title":"Aprende espa\u00f1ol Online - Escuela los Quijotes","robots":{"index":"index","follow":"follow","max-snippet":"max-snippet:-1","max-image-preview":"max-image-preview:large","max-video-preview":"max-video-preview:-1"},"canonical":"https:\/\/www.escuelalosquijotes.com\/es\/product\/aprende-espanol-online\/","og_locale":"es_ES","og_type":"article","og_title":"Aprende espa\u00f1ol Online - Escuela los Quijotes","og_description":"PRECIO DEL CURSO 1450 SAR 12 SESIONES    Profesor de espa\u00f1ol certificado  Creador de su propia metodolog\u00eda \u201clos Quijotes\u201d  Te ense\u00f1a espa\u00f1ol b\u00e1sico en 6 semanas  Con un l\u00e9xico de m\u00e1s de 500 palabras  &nbsp;","og_url":"https:\/\/www.escuelalosquijotes.com\/es\/product\/aprende-espanol-online\/","og_site_name":"Escuela los Quijotes","article_modified_time":"2025-08-22T10:45:19+00:00","og_image":[{"width":427,"height":640,"url":"https:\/\/www.escuelalosquijotes.com\/wp-content\/uploads\/2024\/08\/students-6078679_640.jpg","type":"image\/jpeg"}],"twitter_card":"summary_large_image","twitter_misc":{"Tiempo de lectura":"1 minuto"},"schema":{"@context":"https:\/\/schema.org","@graph":[{"@type":"WebPage","@id":"https:\/\/www.escuelalosquijotes.com\/es\/product\/aprende-espanol-online\/","url":"https:\/\/www.escuelalosquijotes.com\/es\/product\/aprende-espanol-online\/","name":"Aprende espa\u00f1ol Online - Escuela los Quijotes","isPartOf":{"@id":"https:\/\/www.escuelalosquijotes.com\/es\/#website"},"primaryImageOfPage":{"@id":"https:\/\/www.escuelalosquijotes.com\/es\/product\/aprende-espanol-online\/#primaryimage"},"image":{"@id":"https:\/\/www.escuelalosquijotes.com\/es\/product\/aprende-espanol-online\/#primaryimage"},"thumbnailUrl":"https:\/\/www.escuelalosquijotes.com\/wp-content\/uploads\/2024\/08\/students-6078679_640.jpg","datePublished":"2020-05-01T12:53:50+00:00","dateModified":"2025-08-22T10:45:19+00:00","breadcrumb":{"@id":"https:\/\/www.escuelalosquijotes.com\/es\/product\/aprende-espanol-online\/#breadcrumb"},"inLanguage":"es","potentialAction":[{"@type":"ReadAction","target":["https:\/\/www.escuelalosquijotes.com\/es\/product\/aprende-espanol-online\/"]}]},{"@type":"ImageObject","inLanguage":"es","@id":"https:\/\/www.escuelalosquijotes.com\/es\/product\/aprende-espanol-online\/#primaryimage","url":"https:\/\/www.escuelalosquijotes.com\/wp-content\/uploads\/2024\/08\/students-6078679_640.jpg","contentUrl":"https:\/\/www.escuelalosquijotes.com\/wp-content\/uploads\/2024\/08\/students-6078679_640.jpg","width":427,"height":640},{"@type":"BreadcrumbList","@id":"https:\/\/www.escuelalosquijotes.com\/es\/product\/aprende-espanol-online\/#breadcrumb","itemListElement":[{"@type":"ListItem","position":1,"name":"Portada","item":"https:\/\/www.escuelalosquijotes.com\/es\/"},{"@type":"ListItem","position":2,"name":"Tienda","item":"https:\/\/www.escuelalosquijotes.com\/es\/tienda\/"},{"@type":"ListItem","position":3,"name":"Aprende espa\u00f1ol Online"}]},{"@type":"WebSite","@id":"https:\/\/www.escuelalosquijotes.com\/es\/#website","url":"https:\/\/www.escuelalosquijotes.com\/es\/","name":"Escuela los Quijotes","description":"Aprende espa\u00f1ol online","publisher":{"@id":"https:\/\/www.escuelalosquijotes.com\/es\/#\/schema\/person\/bcab75e6bb6a315cb36a6b8e493eb264"},"potentialAction":[{"@type":"SearchAction","target":{"@type":"EntryPoint","urlTemplate":"https:\/\/www.escuelalosquijotes.com\/es\/?s={search_term_string}"},"query-input":{"@type":"PropertyValueSpecification","valueRequired":true,"valueName":"search_term_string"}}],"inLanguage":"es"},{"@type":["Person","Organization"],"@id":"https:\/\/www.escuelalosquijotes.com\/es\/#\/schema\/person\/bcab75e6bb6a315cb36a6b8e493eb264","name":"ROBERTO GONZ\u00c1LEZ KLAWITTER","image":{"@type":"ImageObject","inLanguage":"es","@id":"https:\/\/www.escuelalosquijotes.com\/wp-content\/uploads\/2024\/08\/students-6078679_640.jpg","url":"https:\/\/www.escuelalosquijotes.com\/wp-content\/uploads\/2024\/08\/students-6078679_640.jpg","contentUrl":"https:\/\/www.escuelalosquijotes.com\/wp-content\/uploads\/2024\/08\/students-6078679_640.jpg","width":427,"height":640,"caption":"ROBERTO GONZ\u00c1LEZ KLAWITTER"},"logo":{"@id":"https:\/\/www.escuelalosquijotes.com\/wp-content\/uploads\/2024\/08\/students-6078679_640.jpg"}}]}},"_links":{"self":[{"href":"https:\/\/www.escuelalosquijotes.com\/es\/wp-json\/wp\/v2\/product\/206","targetHints":{"allow":["GET"]}}],"collection":[{"href":"https:\/\/www.escuelalosquijotes.com\/es\/wp-json\/wp\/v2\/product"}],"about":[{"href":"https:\/\/www.escuelalosquijotes.com\/es\/wp-json\/wp\/v2\/types\/product"}],"wp:featuredmedia":[{"embeddable":true,"href":"https:\/\/www.escuelalosquijotes.com\/es\/wp-json\/wp\/v2\/media\/3078"}],"wp:attachment":[{"href":"https:\/\/www.escuelalosquijotes.com\/es\/wp-json\/wp\/v2\/media?parent=206"}],"wp:term":[{"taxonomy":"product_brand","embeddable":true,"href":"https:\/\/www.escuelalosquijotes.com\/es\/wp-json\/wp\/v2\/product_brand?post=206"},{"taxonomy":"product_cat","embeddable":true,"href":"https:\/\/www.escuelalosquijotes.com\/es\/wp-json\/wp\/v2\/product_cat?post=206"},{"taxonomy":"product_tag","embeddable":true,"href":"https:\/\/www.escuelalosquijotes.com\/es\/wp-json\/wp\/v2\/product_tag?post=206"}],"curies":[{"name":"wp","href":"https:\/\/api.w.org\/{rel}","templated":true}]}}